{"id":166,"date":"2016-05-27T09:46:50","date_gmt":"2016-05-27T09:46:50","guid":{"rendered":"http:\/\/wp12414908.server-he.de\/?page_id=166"},"modified":"2021-08-14T11:08:32","modified_gmt":"2021-08-14T11:08:32","slug":"publications","status":"publish","type":"page","link":"https:\/\/barbarafulda.de\/?page_id=166","title":{"rendered":"Publications"},"content":{"rendered":"<p>After writing a monographic dissertation, which was published in 2016 (Campus Publishing Company), I proceeded towards publishing shorter manuscripts e.g. journal articles.<\/p>\n<p><strong>Publications<\/strong><\/p>\n<div class=\"page\" title=\"Page 1\">\n<div class=\"section\">\n<div class=\"layoutArea\">\n<div class=\"column\">\n<p>Emons, Oliver; Fulda, Barbara E. ; Klengel, Ernesto; Schietinger, Marc (2021): <a href=\"https:\/\/www.boeckler.de\/de\/faust-detail.htm?sync_id=9195\">Soziale Standards in Lieferketten.<\/a> Hans-Bo\u0308ckler-Stiftung: Forschungsf\u00f6rderung Working Paper Nr. 207.<\/p>\n<p class=\"p1\"><span class=\"s1\">B\u00fcnning, Mareike; Fulda, Barbara; Hipp, Lena (2020): <a href=\"https:\/\/www.boeckler.de\/de\/faust-detail.htm?sync_id=9123\"><span class=\"s2\">Wie Betriebe Eltern unterst\u00fctzen und Gleichstellung f\u00f6rdern k\u00f6nnen<\/span><\/a>, Hans-Bo\u0308ckler-Stiftung: Forschungsf\u00f6rderung Policy Brief Nr. 006.<\/span><\/p>\n<p>Fulda, Barbara E. (2020): <a href=\"https:\/\/www.boeckler.de\/de\/faust-detail.htm?sync_id=8913\">Die neue Komplexita\u0308t von Wertscho\u0308pfung.<\/a> Warum Wertscho\u0308pfung immer globaler und komplexer wird und welche Effekte das auf Bescha\u0308ftigung in Deutschland hat. Hans-Bo\u0308ckler-Stiftung: Forschungsfo\u0308rderung Report Nr. 7.<\/p>\n<p>Fulda, Barbara E. und Ho\u0308vermann, Andreas (2020): <a href=\"https:\/\/www.boeckler.de\/de\/faust-detail.htm?sync_id=8893\">Soziale Lebenslagen und die Sorge u\u0308ber den Klimawandel.<\/a> Befunde aus repra\u0308sentativen Bevo\u0308lkerungsumfragen in 2017 und 2019. Hans-Bo\u0308ckler-Stiftung: Forschungsfo\u0308rderung Working Paper Nr. 182.<\/p>\n<p>Beckmann, Paul, Fulda, Barbara E., und Sebastian Kohl (2020): <a href=\"https:\/\/www.mpifg.de\/pu\/mpifg_dp\/2020\/dp20-6.pdf\">Housing and voting in Germany: Multi-level Evidence for the Association between House Prices and Housing Tenure and Party Outcomes. Max-Planck-Institut fu\u0308r Gesellschaftsforschung<\/a>: MPIfG Discussion Paper 20\/6, April 2020.<\/p>\n<\/div>\n<\/div>\n<\/div>\n<\/div>\n<p>Fulda, B.E., Nauck, B. and Qiang Ren (2019). <a href=\"https:\/\/doi.org\/10.1177%2F2057150X19838728\">The transition to adulthood in China, Germany and the USA: Prevalence, timing and synchronization of private and professional life<\/a>. <em>Chinese Journal of Sociology, 5(2), 193-213.\u00a0<\/em><\/p>\n<p>Hiekel, N., &amp; Fulda, B. E. (2018). <a href=\"https:\/\/www.demographic-research.org\/volumes\/vol39\/30\/default.htm\">Love. Break up. Repeat: The prevalence and stability of serial cohabitation among West German women and men born in the early 1970s<\/a>. <i>Demographic Research<\/i>, <i>39<\/i>(30), 855\u2013870.<\/p>\n<p class=\"p1\">Fulda, B.E. and P.M. Lersch (2018). <a href=\"https:\/\/onlinelibrary.wiley.com\/doi\/abs\/10.1111\/jomf.12458\">Planning until Death do us part: Partnership Status and Financial Planning Horizon<\/a>,<em> Journal of Marriage and Family.\u00a0<\/em><em><br \/>\n<\/em><br \/>\nFulda, B.E. (2017), <a href=\"http:\/\/www.emeraldinsight.com\/doi\/abs\/10.1108\/S1530-353520170000011007\">The Transition to Adulthood in Individualistic and Collectivistic Cultures: Prevalence and Timing of Premarital Cohabitation and First Marriage in Germany and China<\/a>, in\u00a0<span class=\"NLM_string-name hlFld-ContribAuthor\">Christina L. Scott\u00a0<\/span>,\u00a0<span class=\"NLM_string-name hlFld-ContribAuthor\">Sampson Lee Blair\u00a0<\/span>(ed.)\u00a0<i>Intimate Relationships and Social Change (Contemporary Perspectives in Family Research, Volume 11)\u00a0<\/i>Emerald Publishing Limited, pp. 145 &#8211; 172<\/p>\n<p>Fulda, B.E. (2016). <a href=\"http:\/\/doi.org\/10.4054\/DemRes.2016.35.37\">The diversity in longitudinal partnership trajectories during the transition to adulthood<\/a>. <i>Demographic Research<\/i>, <i>35<\/i>(October), 1101\u20131134.<\/p>\n<p><strong>Monographs<\/strong><\/p>\n<p>Fulda, Barbara Elisabeth (2016): &#8220;Culture&#8217;s Influence: Regionally Differing Social Milieus and Variations in Fertility Rates&#8221; (I<a href=\"http:\/\/www.campus.de\/buecher-campus-verlag\/wissenschaft\/politikwissenschaft\/immer_weniger_kinder-10269.html\">mmer weniger Kinder? Soziale Milieus und regionale Unterschiede der Geburtenzahlen<\/a>), Frankfurt am Main, Germany: Campus<\/p>\n<p>Fulda, Barbara Elisabeth (2010): <a href=\"https:\/\/www.morebooks.de\/bookprice_offer_f40866c7c7ccdd506cd13d6b54f2b2b501d0f04f?auth_token=d3d3LmFrYWRlbWlrZXJ2ZXJsYWcuZGU6NTEwZWI5ODg5NzE4NDVkYzRmYWNiMTE1YTI2ZjNiNmQ%3D&amp;locale=de&amp;currency=EUR\">\u201cThe effect of women\u2019s employment on partnership stability:\u00a0A quantitative synthesis\u201d<\/a>, Cologne, University of Cologne<\/p>\n<p><strong>Other Publications<\/strong><\/p>\n<p>Fulda,B.E. (2019). <a href=\"https:\/\/doi.org\/10.1007\/s11577-019-00644-4\">Familiensoziologie.<\/a> K\u00f6lner Zeitschrift f\u00fcr Soziologie und Sozialpsychologie.<\/p>\n<p>Fulda, B.E. (2018). Leitbilder: Vorstellungen vom idealen Leben. In: Randolf Rodenstock, Ne\u015fe Sevsay-Tegethoff (Eds.), <em>Werte &#8211; und was sie uns wert sind. Eine interdisziplin\u00e4re Anthologie. <\/em>M\u00fcnchen: Roman Herzog Institut (RHI)<\/p>\n<p>Fulda, Barbara Elisabeth (2017): <a href=\"http:\/\/www.springer.com\/gb\/book\/9783658178567\">Moving in together and marrying for the first time: A comparison between European countries<\/a>, in: <em>The new diversity of family life in Europe, edited by <\/em>Sebastian Kurtenbach, Megan Lueneburg, Banu Citlak, Meglena Zlatkova. Wiesbaden: Springer<\/p>\n<p>Fulda, Barbara Elisabeth (2016): <a href=\"http:\/\/em.rdcu.be\/wf\/click?upn=KP7O1RED-2BlD0F9LDqGVeSAi8mUpWht6IJQrRWFdqSiQ-3D_GzedeRhFj8ks3BMciZUAgMF3EZtgBfTEHx2Uuj4VacRnb-2FEgnMbOHBY0dFLJrjYwGLF-2BZE3kv-2B0uQUZOeIP77syoz3v6NpOImJG0mSeIy8FstQrs8rSK0w4ikKtGb9Chovdm368DzKNw1cPKnCNr-2BMgRM3RIHs7-2BE1b0O3R3iEPS3oOte-2F7X4FJltgK7c-2FkGIP3k6u2onZYb8ERkhh3CnHwraDEyO8ft-2BNKTHarDwjy1MJ-2FnyWEkkhAFS-2FvgUa8H\">Bildungssoziologie<\/a>,\u00a0<em>K\u00f6lner Zeitschrift f\u00fcr Soziologie und Sozialpsychologie, 68 (4), <\/em>731-733.<\/p>\n<p>Fulda, Barbara E. (2015): &#8220;<a href=\"http:\/\/pubman.mpdl.mpg.de\/pubman\/faces\/viewItemOverviewPage.jsp?itemId=escidoc:2251068:1\">Milieu und Raum. Wie kulturelle Pr\u00e4gungen die Unterschiede regionaler Geburtenzahlen in Deutschland erkl\u00e4ren<\/a>.&#8221; in: <em>MPIfG Jahrbuch 2015-2016, edited by<\/em>\u00a0Max Planck Institute for the Study of Societies, 75-82<\/p>\n<p>Fulda, Barbara E. (2015):\u00a0<a href=\"http:\/\/www.mpifg.de\/pu\/dp_abstracts\/dp15-4.asp\">\u201cCulture\u2019s Influence: \u00a0Regional cultural contexts and variation in fertility rates\u201d<\/a>\u00a0<em>MPIfG Discussion Paper 15\/4<\/em>, Max Planck Institute for the Study of Societies, Cologne, Germany<\/p>\n<p>Fulda, Barbara Elisabeth (2014):<br \/>\n\u201c<a href=\"http:\/\/www.mpifg.de\/aktuelles\/newsletter\/MPIfG_Newsl_2-14.pdf\">Geburtenraten und regionale Kulturen in Zeiten sozialen und \u00f6konomischen Wandels<\/a>\u201c, <em>Gesellschaftsforschung<\/em> 2\/14, 10-11<\/p>\n","protected":false},"excerpt":{"rendered":"<p>After writing a monographic dissertation, which was published in 2016 (Campus Publishing Company), I proceeded towards publishing shorter manuscripts e.g. journal articles. Publications Emons, Oliver; Fulda, Barbara E. ; Klengel, Ernesto; Schietinger, Marc (2021): Soziale Standards in Lieferketten. Hans-Bo\u0308ckler-Stiftung: Forschungsf\u00f6rderung Working Paper Nr. 207. B\u00fcnning, Mareike; Fulda, Barbara; Hipp, Lena (2020): Wie Betriebe Eltern unterst\u00fctzen &hellip; <a href=\"https:\/\/barbarafulda.de\/?page_id=166\" class=\"more-link\">Continue reading <span class=\"screen-reader-text\">Publications<\/span><\/a><\/p>\n","protected":false},"author":1,"featured_media":0,"parent":0,"menu_order":0,"comment_status":"closed","ping_status":"closed","template":"","meta":[],"_links":{"self":[{"href":"https:\/\/barbarafulda.de\/index.php?rest_route=\/wp\/v2\/pages\/166"}],"collection":[{"href":"https:\/\/barbarafulda.de\/index.php?rest_route=\/wp\/v2\/pages"}],"about":[{"href":"https:\/\/barbarafulda.de\/index.php?rest_route=\/wp\/v2\/types\/page"}],"author":[{"embeddable":true,"href":"https:\/\/barbarafulda.de\/index.php?rest_route=\/wp\/v2\/users\/1"}],"replies":[{"embeddable":true,"href":"https:\/\/barbarafulda.de\/index.php?rest_route=%2Fwp%2Fv2%2Fcomments&post=166"}],"version-history":[{"count":71,"href":"https:\/\/barbarafulda.de\/index.php?rest_route=\/wp\/v2\/pages\/166\/revisions"}],"predecessor-version":[{"id":489,"href":"https:\/\/barbarafulda.de\/index.php?rest_route=\/wp\/v2\/pages\/166\/revisions\/489"}],"wp:attachment":[{"href":"https:\/\/barbarafulda.de\/index.php?rest_route=%2Fwp%2Fv2%2Fmedia&parent=166"}],"curies":[{"name":"wp","href":"https:\/\/api.w.org\/{rel}","templated":true}]}}